{"id":38,"date":"2022-07-29T21:56:41","date_gmt":"2022-07-29T21:56:41","guid":{"rendered":"https:\/\/controlvolumetrico360.com\/?page_id=38"},"modified":"2025-06-25T21:12:11","modified_gmt":"2025-06-25T21:12:11","slug":"inicio","status":"publish","type":"page","link":"https:\/\/controlvolumetrico360.com\/","title":{"rendered":"Inicio"},"content":{"rendered":"<style>\/*! elementor - v3.13.1 - 09-05-2023 *\/<br \/>\n.elementor-heading-title{padding:0;margin:0;line-height:1}.elementor-widget-heading .elementor-heading-title[class*=elementor-size-]>a{color:inherit;font-size:inherit;line-height:inherit}.elementor-widget-heading .elementor-heading-title.elementor-size-small{font-size:15px}.elementor-widget-heading .elementor-heading-title.elementor-size-medium{font-size:19px}.elementor-widget-heading .elementor-heading-title.elementor-size-large{font-size:29px}.elementor-widget-heading .elementor-heading-title.elementor-size-xl{font-size:39px}.elementor-widget-heading .elementor-heading-title.elementor-size-xxl{font-size:59px}<\/style>\n<h3>(833) 210-6469<\/h3>\n<p><br \/>\n<a role=\"button\" href=\"#\"><br \/>\nEl software No. 1<br \/>\n<\/a><\/p>\n<h1>Simplifica el env\u00edo de tus reportes de control volum\u00e9trico al SAT<\/h1>\n<p>El manejo y administraci\u00f3n de las terminales de hidrocarburos y petrol\u00edferos es complicado. Control Volum\u00e9trico 360 es un software especializado que simplifica y genera los reportes diarios y mensuales para el cumplimiento de las obligaciones fiscales ante el SAT.<\/p>\n<style>\/*! elementor - v3.13.1 - 09-05-2023 *\/<br \/>\n.elementor-widget-image{text-align:center}.elementor-widget-image a{display:inline-block}.elementor-widget-image a img[src$=\".svg\"]{width:48px}.elementor-widget-image img{vertical-align:middle;display:inline-block}<\/style>\n<p><img loading=\"lazy\" src=\"https:\/\/controlvolumetrico360.com\/wp-content\/uploads\/2022\/07\/CV360-IMG-001-1024x651.png\" sizes=\"(max-width: 1024px) 100vw, 1024px\" srcset=\"https:\/\/controlvolumetrico360.com\/wp-content\/uploads\/2022\/07\/CV360-IMG-001-1024x651.png 1024w, https:\/\/controlvolumetrico360.com\/wp-content\/uploads\/2022\/07\/CV360-IMG-001-300x191.png 300w, https:\/\/controlvolumetrico360.com\/wp-content\/uploads\/2022\/07\/CV360-IMG-001-768x488.png 768w, https:\/\/controlvolumetrico360.com\/wp-content\/uploads\/2022\/07\/CV360-IMG-001.png 1164w\" alt=\"Computadora y smartphone con capturas de pantalla del sistema de control volum\u00e9trico 360\" width=\"1024\" height=\"651\" \/><br \/>\n<img loading=\"lazy\" src=\"https:\/\/controlvolumetrico360.com\/wp-content\/uploads\/2022\/08\/CV360-IMG-004.png\" sizes=\"(max-width: 481px) 100vw, 481px\" srcset=\"https:\/\/controlvolumetrico360.com\/wp-content\/uploads\/2022\/08\/CV360-IMG-004.png 481w, https:\/\/controlvolumetrico360.com\/wp-content\/uploads\/2022\/08\/CV360-IMG-004-300x213.png 300w\" alt=\"\" width=\"481\" height=\"341\" \/><\/p>\n<h1>\u00bfQu\u00e9 son los controles volum\u00e9tricos?<\/h1>\n<p>Los controles volum\u00e9tricos,\u00a0de acuerdo con el C\u00f3digo Fiscal de la Federaci\u00f3n (CFF), en su Art\u00edculo 28, fracci\u00f3n I, se definen como los registros de volumen que se utilizan para determinar la adquisici\u00f3n, existencia y venta de combustible, los cuales forman parte de la contabilidad del contribuyente.<\/p>\n<p>Dichos registros sustentan el objeto de sus operaciones, estando asociados tanto a las facturas o pedimentos correspondientes a la adquisici\u00f3n, enajenaci\u00f3n o servicios que tengan por objeto hidrocarburos y petrol\u00edferos; como a la determinaci\u00f3n del tipo de hidrocarburo de que se trate.<\/p>\n<style>\/*! elementor - v3.13.1 - 09-05-2023 *\/<br \/>\n.elementor-column .elementor-spacer-inner{height:var(--spacer-size)}.e-con{--container-widget-width:100%}.e-con-inner>.elementor-widget-spacer,.e-con>.elementor-widget-spacer{width:var(--container-widget-width,var(--spacer-size));--align-self:var(--container-widget-align-self,initial);--flex-shrink:0}.e-con-inner>.elementor-widget-spacer>.elementor-widget-container,.e-con-inner>.elementor-widget-spacer>.elementor-widget-container>.elementor-spacer,.e-con>.elementor-widget-spacer>.elementor-widget-container,.e-con>.elementor-widget-spacer>.elementor-widget-container>.elementor-spacer{height:100%}.e-con-inner>.elementor-widget-spacer>.elementor-widget-container>.elementor-spacer>.elementor-spacer-inner,.e-con>.elementor-widget-spacer>.elementor-widget-container>.elementor-spacer>.elementor-spacer-inner{height:var(--container-widget-height,var(--spacer-size))}<\/style>\n<h1>\u00bfC\u00f3mo saber si soy un contribuyente obligado a llevar controles volum\u00e9tricos?<\/h1>\n<style>.cls-1{fill:#fff;}.cls-2{fill:url(#linear-gradient);}<\/style>\n<h2>Extracci\u00f3n<\/h2>\n<ul>\n<li>Los que extraigan petr\u00f3leo y gas natural.<\/li>\n<li>Los que traten o refinen petr\u00f3leo o procesen gas natural y condensados.<\/li>\n<li>Los que realicen la compresi\u00f3n, descompresi\u00f3n, licuefacci\u00f3n o regasificaci\u00f3n de gas natural.<\/li>\n<\/ul>\n<style type=\"text\/css\">\t.st0{fill:url(#SVGID_1_);}\t.st1{fill:#FFFFFF;}<\/style>\n<h2>Log\u00edstica<\/h2>\n<ul>\n<li>Los que presten el servicio de transporte o almacenamiento de petr\u00f3leo, gas natural, condensados, gasolinas, di\u00e9sel, turbosina, combust\u00f3leo y sus mezclas, gas licuado de petr\u00f3leo y propano.<\/li>\n<li>Los que distribuyan gas natural, gasolinas, di\u00e9sel, turbosina, combust\u00f3leo y sus mezclas, gas licuado de petr\u00f3leo y propano.<\/li>\n<\/ul>\n<style>.cls-1{fill:#fff;}.cls-2{fill:url(#linear-gradient);}<\/style>\n<h2>Almacenamiento<\/h2>\n<ul>\n<li>Los que almacenen para usos propios gasolinas, di\u00e9sel, turbosina, combust\u00f3leo y sus mezclas, gas licuado de petr\u00f3leo y propano, al amparo de un permiso de la Comisi\u00f3n Reguladora de Energ\u00eda siempre que consuman un volumen mayor o igual a 75,714 litros (20 mil galones) mensuales de petrol\u00edferos al a\u00f1o.<\/li>\n<li>Los que almacenen gas natural en instalaciones fijas para la recepci\u00f3n del mismo para autoconsumo.<\/li>\n<\/ul>\n<style type=\"text\/css\">\t.st0{fill:url(#SVGID_1_);}\t.st1{fill:#FFFFFF;}<\/style>\n<h2>Expendio al p\u00fablico<\/h2>\n<ul>\n<li>Los que realizan la venta de gasolinas, di\u00e9sel, gas natural y gas licuado de petr\u00f3leo en instalaciones abiertas al p\u00fablico en general.<\/li>\n<li>Los que cuentan con un permiso de la Comisi\u00f3n Reguladora de Energ\u00eda para la compraventa de petr\u00f3leo, gas natural, condensados, gasolinas, di\u00e9sel, turbosina, combust\u00f3leo y sus mezclas, gas licuado de petr\u00f3leo y propano, sin que conlleve a la propiedad de la infraestructura, ni la prestaci\u00f3n de los servicios que utiliza.<\/li>\n<\/ul>\n<h2>Contamos con la confianza y respaldo de las empresas nacionales e internacionales m\u00e1s importantes del sector industrial<\/h2>\n<p>Grupo Susess cuenta con m\u00e1s de 10 a\u00f1os de experiencia, posicion\u00e1ndonos en la industria de automatizaci\u00f3n y desarrollo de interfaces para el sector industrial, ofreciendo soluciones tecnol\u00f3gicas intuitivas y eficientes a nuestros clientes.<\/p>\n<h2>Transparencia y compatibilidad con softwares de terceros<\/h2>\n<p>Control Volum\u00e9trico 360 es un software compatible con los mejores sistemas operativos del mercado. A s\u00ed como la integraci\u00f3n y transparencia con softwares nativos o de terceros.<\/p>\n<style>\/*! elementor - v3.13.1 - 09-05-2023 *\/<br \/>\n.elementor-widget-image-carousel .swiper,.elementor-widget-image-carousel .swiper-container{position:static}.elementor-widget-image-carousel .swiper-container .swiper-slide figure,.elementor-widget-image-carousel .swiper .swiper-slide figure{line-height:inherit}.elementor-widget-image-carousel .swiper-slide{text-align:center}.elementor-image-carousel-wrapper:not(.swiper-container-initialized):not(.swiper-initialized) .swiper-slide{max-width:calc(100% \/ var(--e-image-carousel-slides-to-show, 3))}<\/style>\n<figure><img src=\"https:\/\/controlvolumetrico360.com\/wp-content\/uploads\/2022\/08\/CV360-LogotiposEmpresas-08-300x300.png\" alt=\"Logotipo Windows Server\" \/><\/figure>\n<figure><img src=\"https:\/\/controlvolumetrico360.com\/wp-content\/uploads\/2022\/08\/CV360-LogotiposEmpresas-09-300x300.png\" alt=\"Logotipo Microsoft SQL Server\" \/><\/figure>\n<figure><img src=\"https:\/\/controlvolumetrico360.com\/wp-content\/uploads\/2022\/08\/CV360-LogotiposEmpresas-10-300x300.png\" alt=\"Logotipo SAT\" \/><\/figure>\n<figure><img src=\"https:\/\/controlvolumetrico360.com\/wp-content\/uploads\/2022\/08\/CV360-LogotiposEmpresas-11-300x300.png\" alt=\"Logotipo TAS360\" \/><\/figure>\n<h2>Contacto<\/h2>\n\n<div class=\"wpcf7 no-js\" id=\"wpcf7-f702-o1\" lang=\"es-ES\" dir=\"ltr\">\n<div class=\"screen-reader-response\"><p role=\"status\" aria-live=\"polite\" aria-atomic=\"true\"><\/p> <ul><\/ul><\/div>\n<form action=\"\/index.php?rest_route=%2Fwp%2Fv2%2Fpages%2F38#wpcf7-f702-o1\" method=\"post\" class=\"wpcf7-form init\" aria-label=\"Formulario de contacto\" novalidate=\"novalidate\" data-status=\"init\">\n<div style=\"display: none;\">\n<input type=\"hidden\" name=\"_wpcf7\" value=\"702\" \/>\n<input type=\"hidden\" name=\"_wpcf7_version\" value=\"5.7.6\" \/>\n<input type=\"hidden\" name=\"_wpcf7_locale\" value=\"es_ES\" \/>\n<input type=\"hidden\" name=\"_wpcf7_unit_tag\" value=\"wpcf7-f702-o1\" \/>\n<input type=\"hidden\" name=\"_wpcf7_container_post\" value=\"0\" \/>\n<input type=\"hidden\" name=\"_wpcf7_posted_data_hash\" value=\"\" \/>\n<\/div>\n<p><label> Tu nombre<br \/>\n<span class=\"wpcf7-form-control-wrap\" data-name=\"your-name\"><input size=\"40\" class=\"wpcf7-form-control wpcf7-text wpcf7-validates-as-required\" autocomplete=\"name\" aria-required=\"true\" aria-invalid=\"false\" value=\"\" type=\"text\" name=\"your-name\" \/><\/span> <\/label>\n<\/p>\n<p><label> Tu correo electr\u00f3nico<br \/>\n<span class=\"wpcf7-form-control-wrap\" data-name=\"your-email\"><input size=\"40\" class=\"wpcf7-form-control wpcf7-text wpcf7-email wpcf7-validates-as-required wpcf7-validates-as-email\" autocomplete=\"email\" aria-required=\"true\" aria-invalid=\"false\" value=\"\" type=\"email\" name=\"your-email\" \/><\/span> <\/label>\n<\/p>\n<p><label> Telefono<br \/>\n<span class=\"wpcf7-form-control-wrap\" data-name=\"telephone\"><input size=\"40\" class=\"wpcf7-form-control wpcf7-text wpcf7-tel wpcf7-validates-as-required wpcf7-validates-as-tel\" aria-required=\"true\" aria-invalid=\"false\" value=\"\" type=\"tel\" name=\"telephone\" \/><\/span> <\/label>\n<\/p>\n<p><label> Asunto<br \/>\n<span class=\"wpcf7-form-control-wrap\" data-name=\"your-subject\"><input size=\"40\" class=\"wpcf7-form-control wpcf7-text wpcf7-validates-as-required\" aria-required=\"true\" aria-invalid=\"false\" value=\"\" type=\"text\" name=\"your-subject\" \/><\/span> <\/label>\n<\/p>\n<p><label> Tu mensaje (opcional)<br \/>\n<span class=\"wpcf7-form-control-wrap\" data-name=\"your-message\"><textarea cols=\"40\" rows=\"10\" class=\"wpcf7-form-control wpcf7-textarea\" aria-invalid=\"false\" name=\"your-message\"><\/textarea><\/span> <\/label>\n<\/p>\n<p><input class=\"wpcf7-form-control has-spinner wpcf7-submit\" type=\"submit\" value=\"Enviar\" \/>\n<\/p><div class=\"wpcf7-response-output\" aria-hidden=\"true\"><\/div>\n<\/form>\n<\/div>\n\n<p>Control Volum\u00e9trico 360 es un software desarrollado por Grupo Susess. Las marcas y logotipos utilizados en esta p\u00e1gina son de caracter informativo y estos pertenecen a sus respectivos due\u00f1os. El software Control Volum\u00e9trico 360 genera los reportes diarios y mensuales bajo demanda; No es posible subir los reportes diario o mensual a trav\u00e9s del software Control Volum\u00e9trico 360 ya que este se debe subir a trav\u00e9s del portal oficial del SAT.<\/p>\n<p><img loading=\"lazy\" src=\"https:\/\/controlvolumetrico360.com\/wp-content\/uploads\/2022\/07\/CV360-Logotipo-Blanco.svg\" alt=\"Control Volum\u00e9trico 360-Logotipo-Blanco\" width=\"1024\" height=\"1024\" \/><br \/>\n<img loading=\"lazy\" src=\"https:\/\/controlvolumetrico360.com\/wp-content\/uploads\/2022\/07\/ISO-9001-2015.png\" alt=\"ISO 9001-2015\" width=\"100\" height=\"100\" \/><\/p>\n<p>S\u00edguenos en nuestras redes<\/p>\n<style>\/*! elementor - v3.13.1 - 09-05-2023 *\/<br \/>\n.elementor-widget-social-icons.elementor-grid-0 .elementor-widget-container,.elementor-widget-social-icons.elementor-grid-mobile-0 .elementor-widget-container,.elementor-widget-social-icons.elementor-grid-tablet-0 .elementor-widget-container{line-height:1;font-size:0}.elementor-widget-social-icons:not(.elementor-grid-0):not(.elementor-grid-tablet-0):not(.elementor-grid-mobile-0) .elementor-grid{display:inline-grid}.elementor-widget-social-icons .elementor-grid{grid-column-gap:var(--grid-column-gap,5px);grid-row-gap:var(--grid-row-gap,5px);grid-template-columns:var(--grid-template-columns);justify-content:var(--justify-content,center);justify-items:var(--justify-content,center)}.elementor-icon.elementor-social-icon{font-size:var(--icon-size,25px);line-height:var(--icon-size,25px);width:calc(var(--icon-size, 25px) + (2 * var(--icon-padding, .5em)));height:calc(var(--icon-size, 25px) + (2 * var(--icon-padding, .5em)))}.elementor-social-icon{--e-social-icon-icon-color:#fff;display:inline-flex;background-color:#69727d;align-items:center;justify-content:center;text-align:center;cursor:pointer}.elementor-social-icon i{color:var(--e-social-icon-icon-color)}.elementor-social-icon svg{fill:var(--e-social-icon-icon-color)}.elementor-social-icon:last-child{margin:0}.elementor-social-icon:hover{opacity:.9;color:#fff}.elementor-social-icon-android{background-color:#a4c639}.elementor-social-icon-apple{background-color:#999}.elementor-social-icon-behance{background-color:#1769ff}.elementor-social-icon-bitbucket{background-color:#205081}.elementor-social-icon-codepen{background-color:#000}.elementor-social-icon-delicious{background-color:#39f}.elementor-social-icon-deviantart{background-color:#05cc47}.elementor-social-icon-digg{background-color:#005be2}.elementor-social-icon-dribbble{background-color:#ea4c89}.elementor-social-icon-elementor{background-color:#d30c5c}.elementor-social-icon-envelope{background-color:#ea4335}.elementor-social-icon-facebook,.elementor-social-icon-facebook-f{background-color:#3b5998}.elementor-social-icon-flickr{background-color:#0063dc}.elementor-social-icon-foursquare{background-color:#2d5be3}.elementor-social-icon-free-code-camp,.elementor-social-icon-freecodecamp{background-color:#006400}.elementor-social-icon-github{background-color:#333}.elementor-social-icon-gitlab{background-color:#e24329}.elementor-social-icon-globe{background-color:#69727d}.elementor-social-icon-google-plus,.elementor-social-icon-google-plus-g{background-color:#dd4b39}.elementor-social-icon-houzz{background-color:#7ac142}.elementor-social-icon-instagram{background-color:#262626}.elementor-social-icon-jsfiddle{background-color:#487aa2}.elementor-social-icon-link{background-color:#818a91}.elementor-social-icon-linkedin,.elementor-social-icon-linkedin-in{background-color:#0077b5}.elementor-social-icon-medium{background-color:#00ab6b}.elementor-social-icon-meetup{background-color:#ec1c40}.elementor-social-icon-mixcloud{background-color:#273a4b}.elementor-social-icon-odnoklassniki{background-color:#f4731c}.elementor-social-icon-pinterest{background-color:#bd081c}.elementor-social-icon-product-hunt{background-color:#da552f}.elementor-social-icon-reddit{background-color:#ff4500}.elementor-social-icon-rss{background-color:#f26522}.elementor-social-icon-shopping-cart{background-color:#4caf50}.elementor-social-icon-skype{background-color:#00aff0}.elementor-social-icon-slideshare{background-color:#0077b5}.elementor-social-icon-snapchat{background-color:#fffc00}.elementor-social-icon-soundcloud{background-color:#f80}.elementor-social-icon-spotify{background-color:#2ebd59}.elementor-social-icon-stack-overflow{background-color:#fe7a15}.elementor-social-icon-steam{background-color:#00adee}.elementor-social-icon-stumbleupon{background-color:#eb4924}.elementor-social-icon-telegram{background-color:#2ca5e0}.elementor-social-icon-thumb-tack{background-color:#1aa1d8}.elementor-social-icon-tripadvisor{background-color:#589442}.elementor-social-icon-tumblr{background-color:#35465c}.elementor-social-icon-twitch{background-color:#6441a5}.elementor-social-icon-twitter{background-color:#1da1f2}.elementor-social-icon-viber{background-color:#665cac}.elementor-social-icon-vimeo{background-color:#1ab7ea}.elementor-social-icon-vk{background-color:#45668e}.elementor-social-icon-weibo{background-color:#dd2430}.elementor-social-icon-weixin{background-color:#31a918}.elementor-social-icon-whatsapp{background-color:#25d366}.elementor-social-icon-wordpress{background-color:#21759b}.elementor-social-icon-xing{background-color:#026466}.elementor-social-icon-yelp{background-color:#af0606}.elementor-social-icon-youtube{background-color:#cd201f}.elementor-social-icon-500px{background-color:#0099e5}.elementor-shape-rounded .elementor-icon.elementor-social-icon{border-radius:10%}.elementor-shape-circle .elementor-icon.elementor-social-icon{border-radius:50%}<\/style>\n<p><a target=\"_blank\" rel=\"noopener\"><br \/>\nLinkedin<br \/>\n<\/a><br \/>\n<a target=\"_blank\" rel=\"noopener\"><br \/>\nFacebook<br \/>\n<\/a><\/p>\n<h2>Pol\u00edticas<\/h2>\n<ul>\n<li><a href=\"https:\/\/controlvolumetrico360.com\/?page_id=409\"><br \/>\nPol\u00edtica de privacidad<br \/>\n<\/a><\/li>\n<li><a href=\"https:\/\/controlvolumetrico360.com\/?page_id=532\"><br \/>\nUso de cookies<br \/>\n<\/a><\/li>\n<\/ul>\n<h2>Grupo Susess<\/h2>\n<ul>\n<li><a href=\"http:\/\/mail.susess.com\/\"><br \/>\nSusess web<br \/>\n<\/a><\/li>\n<li><a href=\"https:\/\/susess.com\/about-us.html\"><br \/>\nNosotros<br \/>\n<\/a><\/li>\n<li><a href=\"https:\/\/susess.com\/services.html\"><br \/>\nOtros servicios<br \/>\n<\/a><\/li>\n<li><a href=\"https:\/\/susess.com\/industrias.html\"><br \/>\nAlcance industrial<br \/>\n<\/a><\/li>\n<li><a href=\"https:\/\/susess.com\/contact.html\"><br \/>\nContacto corporativo<br \/>\n<\/a><\/li>\n<\/ul>\n<h2>Otras soluciones industriales<\/h2>\n<ul>\n<li><a href=\"https:\/\/tas360.com.mx\"><br \/>\nTAS360 | Administrador de terminales<br \/>\n<\/a><\/li>\n<li><a href=\"https:\/\/susess.com\/services.html\"><br \/>\nCIP | Saneamiento de l\u00edneas de bebidas<br \/>\n<\/a><\/li>\n<li><a href=\"https:\/\/susess.com\/petroquimica.html#features\"><br \/>\nSAS | An\u00e1lisis de vibraciones mec\u00e1nicas<br \/>\n<\/a><\/li>\n<li><a href=\"https:\/\/susess.com\/control.html\"><br \/>\nSistema de control de lotes de bebidas<br \/>\n<\/a><\/li>\n<\/ul>\n<h6>Grupo Susess \u00a9 All rights reserved | Control Volum\u00e9trico 360<\/h6>\n","protected":false},"excerpt":{"rendered":"<p>(833) 210-6469 El software No. 1 Simplifica el env\u00edo de tus reportes de control volum\u00e9trico al SAT El manejo y administraci\u00f3n de las terminales de hidrocarburos y petrol\u00edferos es complicado. Control Volum\u00e9trico 360 es un software especializado que simplifica y genera los reportes diarios y mensuales para el cumplimiento de las obligaciones fiscales ante el&hellip;&nbsp;<a href=\"https:\/\/controlvolumetrico360.com\/\" class=\"\" rel=\"bookmark\">Leer m\u00e1s &raquo;<span class=\"screen-reader-text\">Inicio<\/span><\/a><\/p>\n","protected":false},"author":2,"featured_media":0,"parent":0,"menu_order":0,"comment_status":"closed","ping_status":"closed","template":"","meta":{"neve_meta_sidebar":"","neve_meta_container":"","neve_meta_enable_content_width":"","neve_meta_content_width":0,"neve_meta_title_alignment":"","neve_meta_author_avatar":"","neve_post_elements_order":"","neve_meta_disable_header":"","neve_meta_disable_footer":"","neve_meta_disable_title":"","_joinchat":[]},"_links":{"self":[{"href":"https:\/\/controlvolumetrico360.com\/index.php?rest_route=\/wp\/v2\/pages\/38"}],"collection":[{"href":"https:\/\/controlvolumetrico360.com\/index.php?rest_route=\/wp\/v2\/pages"}],"about":[{"href":"https:\/\/controlvolumetrico360.com\/index.php?rest_route=\/wp\/v2\/types\/page"}],"author":[{"embeddable":true,"href":"https:\/\/controlvolumetrico360.com\/index.php?rest_route=\/wp\/v2\/users\/2"}],"replies":[{"embeddable":true,"href":"https:\/\/controlvolumetrico360.com\/index.php?rest_route=%2Fwp%2Fv2%2Fcomments&post=38"}],"version-history":[{"count":207,"href":"https:\/\/controlvolumetrico360.com\/index.php?rest_route=\/wp\/v2\/pages\/38\/revisions"}],"predecessor-version":[{"id":857,"href":"https:\/\/controlvolumetrico360.com\/index.php?rest_route=\/wp\/v2\/pages\/38\/revisions\/857"}],"wp:attachment":[{"href":"https:\/\/controlvolumetrico360.com\/index.php?rest_route=%2Fwp%2Fv2%2Fmedia&parent=38"}],"curies":[{"name":"wp","href":"https:\/\/api.w.org\/{rel}","templated":true}]}}